{"id":492,"date":"2020-01-25T16:06:38","date_gmt":"2020-01-25T16:06:38","guid":{"rendered":"https:\/\/sailconnect.de\/?page_id=492"},"modified":"2022-01-16T15:07:10","modified_gmt":"2022-01-16T14:07:10","slug":"fire-safety","status":"publish","type":"page","link":"https:\/\/sailconnect.de\/?page_id=492","title":{"rendered":"Fire &#038; Safety"},"content":{"rendered":"\n<p>Zur Vorbereitung auf diese Saison 2020 und auf Hochsee Regatten habe ich begonnen, das Boot nach den <a href=\"https:\/\/www.sailing.org\/tools\/documents\/OSR20202021-[25845].pdf\">World Sailing Offshore Special Regulations<\/a> aufzur\u00fcsten.<\/p>\n\n\n\n<p>Diese sind f\u00fcr internationale Regatten verbindlich und werden von der <a href=\"https:\/\/www.sailing.org\/\">World Sailing Organisation<\/a> aufgestellt. Sie korrespondieren mit den Vorgaben der Kreuzerabteilung des DSV.<\/p>\n\n\n\n<p>Neben der Beschaffenheit und Ausr\u00fcstung von Booten werden auch F\u00e4higkeiten der Crew vorausgesetzt, um die Sicherheit auf See zu gew\u00e4hrleisten.<\/p>\n\n\n\n<p>Um hier meine Softskills zu erweitern habe ich am 18.-19.01.2020 an einem WSO anerkannten <a href=\"https:\/\/www.fire-safety-training.de\/\">Fire &amp; Securtity Training<\/a> in Elsfleth bei Bremen teilgenommen.<br>Ich kann diesen Kurs uneingeschr\u00e4nkt empfehlen.<\/p>\n\n\n\n<p>Hier ein paar Bilder vom Wochenende (2,5 Std planschen)<\/p>\n\n\n\n<figure class=\"wp-block-gallery columns-1 is-cropped wp-block-gallery-1 is-layout-flex wp-block-gallery-is-layout-flex\"><ul class=\"blocks-gallery-grid\"><li class=\"blocks-gallery-item\"><figure><img loading=\"lazy\" decoding=\"async\" width=\"1024\" height=\"683\" src=\"https:\/\/sailconnect.de\/wp-content\/uploads\/2020\/01\/IMG_8741-1024x683.jpg\" alt=\"\" data-id=\"493\" data-link=\"https:\/\/sailconnect.de\/?attachment_id=493\" class=\"wp-image-493\" srcset=\"https:\/\/sailconnect.de\/wp-content\/uploads\/2020\/01\/IMG_8741.jpg 1024w, https:\/\/sailconnect.de\/wp-content\/uploads\/2020\/01\/IMG_8741-300x200.jpg 300w, https:\/\/sailconnect.de\/wp-content\/uploads\/2020\/01\/IMG_8741-768x512.jpg 768w\" sizes=\"auto, (max-width: 767px) 89vw, (max-width: 1000px) 54vw, (max-width: 1071px) 543px, 580px\" \/><\/figure><\/li><li class=\"blocks-gallery-item\"><figure><img loading=\"lazy\" decoding=\"async\" width=\"1024\" height=\"683\" src=\"https:\/\/sailconnect.de\/wp-content\/uploads\/2020\/01\/IMG_8765-1024x683.jpg\" alt=\"\" data-id=\"494\" data-link=\"https:\/\/sailconnect.de\/?attachment_id=494\" class=\"wp-image-494\" srcset=\"https:\/\/sailconnect.de\/wp-content\/uploads\/2020\/01\/IMG_8765.jpg 1024w, https:\/\/sailconnect.de\/wp-content\/uploads\/2020\/01\/IMG_8765-300x200.jpg 300w, https:\/\/sailconnect.de\/wp-content\/uploads\/2020\/01\/IMG_8765-768x512.jpg 768w\" sizes=\"auto, (max-width: 767px) 89vw, (max-width: 1000px) 54vw, (max-width: 1071px) 543px, 580px\" \/><\/figure><\/li><li class=\"blocks-gallery-item\"><figure><img loading=\"lazy\" decoding=\"async\" width=\"1024\" height=\"683\" src=\"https:\/\/sailconnect.de\/wp-content\/uploads\/2020\/01\/IMG_8776-1024x683.jpg\" alt=\"\" data-id=\"495\" data-link=\"https:\/\/sailconnect.de\/?attachment_id=495\" class=\"wp-image-495\" srcset=\"https:\/\/sailconnect.de\/wp-content\/uploads\/2020\/01\/IMG_8776.jpg 1024w, https:\/\/sailconnect.de\/wp-content\/uploads\/2020\/01\/IMG_8776-300x200.jpg 300w, https:\/\/sailconnect.de\/wp-content\/uploads\/2020\/01\/IMG_8776-768x512.jpg 768w\" sizes=\"auto, (max-width: 767px) 89vw, (max-width: 1000px) 54vw, (max-width: 1071px) 543px, 580px\" \/><\/figure><\/li><li class=\"blocks-gallery-item\"><figure><img loading=\"lazy\" decoding=\"async\" width=\"1024\" height=\"683\" src=\"https:\/\/sailconnect.de\/wp-content\/uploads\/2020\/01\/IMG_8778-1024x683.jpg\" alt=\"\" data-id=\"496\" data-link=\"https:\/\/sailconnect.de\/?attachment_id=496\" class=\"wp-image-496\" srcset=\"https:\/\/sailconnect.de\/wp-content\/uploads\/2020\/01\/IMG_8778.jpg 1024w, https:\/\/sailconnect.de\/wp-content\/uploads\/2020\/01\/IMG_8778-300x200.jpg 300w, https:\/\/sailconnect.de\/wp-content\/uploads\/2020\/01\/IMG_8778-768x512.jpg 768w\" sizes=\"auto, (max-width: 767px) 89vw, (max-width: 1000px) 54vw, (max-width: 1071px) 543px, 580px\" \/><\/figure><\/li><li class=\"blocks-gallery-item\"><figure><img loading=\"lazy\" decoding=\"async\" width=\"1024\" height=\"683\" src=\"https:\/\/sailconnect.de\/wp-content\/uploads\/2020\/01\/IMG_8791-1024x683.jpg\" alt=\"\" data-id=\"497\" data-link=\"https:\/\/sailconnect.de\/?attachment_id=497\" class=\"wp-image-497\" srcset=\"https:\/\/sailconnect.de\/wp-content\/uploads\/2020\/01\/IMG_8791.jpg 1024w, https:\/\/sailconnect.de\/wp-content\/uploads\/2020\/01\/IMG_8791-300x200.jpg 300w, https:\/\/sailconnect.de\/wp-content\/uploads\/2020\/01\/IMG_8791-768x512.jpg 768w\" sizes=\"auto, (max-width: 767px) 89vw, (max-width: 1000px) 54vw, (max-width: 1071px) 543px, 580px\" \/><\/figure><\/li><li class=\"blocks-gallery-item\"><figure><img loading=\"lazy\" decoding=\"async\" width=\"1024\" height=\"683\" src=\"https:\/\/sailconnect.de\/wp-content\/uploads\/2020\/01\/IMG_8871-1024x683.jpg\" alt=\"\" data-id=\"498\" data-link=\"https:\/\/sailconnect.de\/?attachment_id=498\" class=\"wp-image-498\" srcset=\"https:\/\/sailconnect.de\/wp-content\/uploads\/2020\/01\/IMG_8871.jpg 1024w, https:\/\/sailconnect.de\/wp-content\/uploads\/2020\/01\/IMG_8871-300x200.jpg 300w, https:\/\/sailconnect.de\/wp-content\/uploads\/2020\/01\/IMG_8871-768x512.jpg 768w\" sizes=\"auto, (max-width: 767px) 89vw, (max-width: 1000px) 54vw, (max-width: 1071px) 543px, 580px\" \/><\/figure><\/li><li class=\"blocks-gallery-item\"><figure><img loading=\"lazy\" decoding=\"async\" width=\"1024\" height=\"683\" src=\"https:\/\/sailconnect.de\/wp-content\/uploads\/2020\/01\/IMG_8876-1024x683.jpg\" alt=\"\" data-id=\"499\" data-link=\"https:\/\/sailconnect.de\/?attachment_id=499\" class=\"wp-image-499\" srcset=\"https:\/\/sailconnect.de\/wp-content\/uploads\/2020\/01\/IMG_8876.jpg 1024w, https:\/\/sailconnect.de\/wp-content\/uploads\/2020\/01\/IMG_8876-300x200.jpg 300w, https:\/\/sailconnect.de\/wp-content\/uploads\/2020\/01\/IMG_8876-768x512.jpg 768w\" sizes=\"auto, (max-width: 767px) 89vw, (max-width: 1000px) 54vw, (max-width: 1071px) 543px, 580px\" \/><\/figure><\/li><\/ul><\/figure>\n\n\n\n<p>Neben den \u00dcbungen im Wasser tlw. im Dunkeln mit Regen und bis Windst\u00e4rke 7 bei bis zu 2m Wellen wurden <br>L\u00f6sch-\u00dcbungen und<br>Leckabwehr-\u00dcbungen durchgef\u00fchrt.<\/p>\n\n\n\n<p> <\/p>\n\n\n\n<h2 class=\"wp-block-heading\">F\u00fcr alle Interessierten hier die Schulungsinhalte zum Nachlesen:<\/h2>\n\n\n\n<div class=\"wp-block-file\"><a href=\"https:\/\/sailconnect.de\/wp-content\/uploads\/2020\/01\/Erste-Hilfe-NEU-2020.pdf\">Erste Hilfe &#8211; NEU 2020<\/a><a href=\"https:\/\/sailconnect.de\/wp-content\/uploads\/2020\/01\/Erste-Hilfe-NEU-2020.pdf\" class=\"wp-block-file__button\" download>Herunterladen<\/a><\/div>\n\n\n\n<div class=\"wp-block-file\"><a href=\"https:\/\/sailconnect.de\/wp-content\/uploads\/2020\/01\/Feuer-an-Bord-NEU-2020.pdf\">Feuer an Bord &#8211; NEU 2020<\/a><a href=\"https:\/\/sailconnect.de\/wp-content\/uploads\/2020\/01\/Feuer-an-Bord-NEU-2020.pdf\" class=\"wp-block-file__button\" download>Herunterladen<\/a><\/div>\n\n\n\n<div class=\"wp-block-file\"><a href=\"https:\/\/sailconnect.de\/wp-content\/uploads\/2020\/01\/Signalmittel-Leckabwehr-NEU-2020.pdf\">Signalmittel-Leckabwehr &#8211; NEU 2020<\/a><a href=\"https:\/\/sailconnect.de\/wp-content\/uploads\/2020\/01\/Signalmittel-Leckabwehr-NEU-2020.pdf\" class=\"wp-block-file__button\" download>Herunterladen<\/a><\/div>\n\n\n\n<div class=\"wp-block-file\"><a href=\"https:\/\/sailconnect.de\/wp-content\/uploads\/2020\/01\/Seminar_ab-2018.pdf\">Seminar_ab 2018<\/a><a href=\"https:\/\/sailconnect.de\/wp-content\/uploads\/2020\/01\/Seminar_ab-2018.pdf\" class=\"wp-block-file__button\" download>Herunterladen<\/a><\/div>\n\n\n\n<p><\/p>\n\n\n\n<h2 class=\"wp-block-heading\">Empfehlung f\u00fcr die pers\u00f6nliche Ausr\u00fcstung<\/h2>\n\n\n\n<p>Bei dem l\u00e4ngerem Aufenthalt im Wasser wird einem bewusst, wie wichtig eine gut sitzende, leicht nachstellbare und sichere Rettungsweste ist. Hier bietet sich als Empfehlung der Testsieger von <a href=\"https:\/\/www.nordwest-funk.eu\/shop\/de\/produkte\/crewsaver\/rettungswesten-automatisch\/ergofit-190n-automatic\">Crewsaver<\/a> an.<br>Bei Bedarf kann ich diese Rettungswesten mit guten Rabatten besorgen.<br><\/p>\n\n\n\n<div class=\"wp-block-button\"><a class=\"wp-block-button__link has-vivid-cyan-blue-background-color has-background\" href=\"https:\/\/sailconnect.de\">&#8230;. zur\u00fcck<\/a><\/div>\n","protected":false},"excerpt":{"rendered":"<p>Zur Vorbereitung auf diese Saison 2020 und auf Hochsee Regatten habe ich begonnen, das Boot nach den World Sailing Offshore Special Regulations aufzur\u00fcsten. Diese sind f\u00fcr internationale Regatten verbindlich und werden von der World Sailing Organisation aufgestellt. Sie korrespondieren mit den Vorgaben der Kreuzerabteilung des DSV. Neben der Beschaffenheit und Ausr\u00fcstung von Booten werden auch &hellip; <\/p>\n<p class=\"link-more\"><a href=\"https:\/\/sailconnect.de\/?page_id=492\" class=\"more-link\"><span class=\"screen-reader-text\">\u201eFire &#038; Safety\u201c<\/span> weiterlesen<\/a><\/p>\n","protected":false},"author":1,"featured_media":493,"parent":0,"menu_order":0,"comment_status":"closed","ping_status":"closed","template":"","meta":{"footnotes":""},"class_list":["post-492","page","type-page","status-publish","has-post-thumbnail","hentry"],"_links":{"self":[{"href":"https:\/\/sailconnect.de\/index.php?rest_route=\/wp\/v2\/pages\/492","targetHints":{"allow":["GET"]}}],"collection":[{"href":"https:\/\/sailconnect.de\/index.php?rest_route=\/wp\/v2\/pages"}],"about":[{"href":"https:\/\/sailconnect.de\/index.php?rest_route=\/wp\/v2\/types\/page"}],"author":[{"embeddable":true,"href":"https:\/\/sailconnect.de\/index.php?rest_route=\/wp\/v2\/users\/1"}],"replies":[{"embeddable":true,"href":"https:\/\/sailconnect.de\/index.php?rest_route=%2Fwp%2Fv2%2Fcomments&post=492"}],"version-history":[{"count":5,"href":"https:\/\/sailconnect.de\/index.php?rest_route=\/wp\/v2\/pages\/492\/revisions"}],"predecessor-version":[{"id":686,"href":"https:\/\/sailconnect.de\/index.php?rest_route=\/wp\/v2\/pages\/492\/revisions\/686"}],"wp:featuredmedia":[{"embeddable":true,"href":"https:\/\/sailconnect.de\/index.php?rest_route=\/wp\/v2\/media\/493"}],"wp:attachment":[{"href":"https:\/\/sailconnect.de\/index.php?rest_route=%2Fwp%2Fv2%2Fmedia&parent=492"}],"curies":[{"name":"wp","href":"https:\/\/api.w.org\/{rel}","templated":true}]}}