{"id":25,"date":"2019-03-14T20:45:33","date_gmt":"2019-03-14T20:45:33","guid":{"rendered":"https:\/\/sailconnect.de\/?page_id=25"},"modified":"2020-11-15T14:33:07","modified_gmt":"2020-11-15T13:33:07","slug":"page1-2","status":"publish","type":"page","link":"https:\/\/sailconnect.de\/?page_id=25","title":{"rendered":"Frizzante"},"content":{"rendered":"<div class=\"wp-block-button is-style-outline\"><a class=\"wp-block-button__link has-text-color has-very-dark-gray-color has-background has-luminous-vivid-amber-background-color\" href=\"https:\/\/www.marinetraffic.com\/en\/ais\/details\/ships\/shipid:5537601\/mmsi:211796800\/vessel:FRIZZANTE\/_:ddda826557f00789ff48ff24de67a6a0\" target=\"_blank\" rel=\"noopener noreferrer\">Follow me on &#8222;marine traffic&#8220; <br><\/a><\/div>\n\n\n<p><\/p>\n\n\n\n<figure class=\"wp-block-gallery columns-1 is-cropped wp-block-gallery-1 is-layout-flex wp-block-gallery-is-layout-flex\"><ul class=\"blocks-gallery-grid\"><li class=\"blocks-gallery-item\"><figure><img loading=\"lazy\" decoding=\"async\" width=\"1024\" height=\"686\" src=\"https:\/\/sailconnect.de\/wp-content\/uploads\/2019\/03\/Interior_Salon2-1024x686.gif\" alt=\"\" data-id=\"188\" data-link=\"https:\/\/sailconnect.de\/?attachment_id=188\" class=\"wp-image-188\" srcset=\"https:\/\/sailconnect.de\/wp-content\/uploads\/2019\/03\/Interior_Salon2-1024x686.gif 1024w, https:\/\/sailconnect.de\/wp-content\/uploads\/2019\/03\/Interior_Salon2-300x201.gif 300w, https:\/\/sailconnect.de\/wp-content\/uploads\/2019\/03\/Interior_Salon2-768x515.gif 768w\" sizes=\"auto, (max-width: 767px) 89vw, (max-width: 1000px) 54vw, (max-width: 1071px) 543px, 580px\" \/><\/figure><\/li><li class=\"blocks-gallery-item\"><figure><img loading=\"lazy\" decoding=\"async\" width=\"1024\" height=\"689\" src=\"https:\/\/sailconnect.de\/wp-content\/uploads\/2019\/03\/Interior_Salon1-1024x689.gif\" alt=\"\" data-id=\"187\" data-link=\"https:\/\/sailconnect.de\/?attachment_id=187\" class=\"wp-image-187\" srcset=\"https:\/\/sailconnect.de\/wp-content\/uploads\/2019\/03\/Interior_Salon1-1024x689.gif 1024w, https:\/\/sailconnect.de\/wp-content\/uploads\/2019\/03\/Interior_Salon1-300x202.gif 300w, https:\/\/sailconnect.de\/wp-content\/uploads\/2019\/03\/Interior_Salon1-768x516.gif 768w\" sizes=\"auto, (max-width: 767px) 89vw, (max-width: 1000px) 54vw, (max-width: 1071px) 543px, 580px\" \/><\/figure><\/li><\/ul><\/figure>\n\n\n\n<h2 class=\"wp-block-heading\">Das sagt die Fachwelt:<\/h2>\n\n\n\n<div class=\"wp-block-file\"><a href=\"https:\/\/sailconnect.de\/wp-content\/uploads\/2019\/03\/Winner_12_20.pdf\">Yacht Test 11\/2009 Winner_12_20<\/a><a href=\"https:\/\/sailconnect.de\/wp-content\/uploads\/2019\/03\/Winner_12_20.pdf\" class=\"wp-block-file__button\" download>Herunterladen<\/a><\/div>\n\n\n\n<div class=\"wp-block-file\"><a href=\"https:\/\/sailconnect.de\/wp-content\/uploads\/2019\/03\/Winner_12.20_-_German_Sailing_Test_-_Segel-jounal_December_2009.pdf\">Segel Journal 2009 Winner_12.20 <\/a><a href=\"https:\/\/sailconnect.de\/wp-content\/uploads\/2019\/03\/Winner_12.20_-_German_Sailing_Test_-_Segel-jounal_December_2009.pdf\" class=\"wp-block-file__button\" download>Herunterladen<\/a><\/div>\n\n\n\n<h2 class=\"wp-block-heading\">Das sagt der Eigner:<\/h2>\n\n\n\n<p class=\"has-small-font-size\">L\u00e4uft mit \u00dcbergewicht, aber l\u00e4uft &#8230;<br><br>(wie der Herr, so&#8217;s Gescherr)<\/p>\n\n\n\n<h2 class=\"wp-block-heading\">Hier geht&#8217;s in die Details:<\/h2>\n\n\n\n<div class=\"wp-block-button aligncenter is-style-default\"><a class=\"wp-block-button__link has-background\" href=\"https:\/\/sailconnect.de\/?page_id=357\" style=\"background-color:#060fe5\">Expos\u00e9&nbsp; &nbsp; &nbsp; &nbsp; &nbsp;&nbsp; &nbsp;&nbsp;&nbsp; <br><\/a><\/div>\n\n\n\n<div class=\"wp-block-button aligncenter\"><a class=\"wp-block-button__link has-text-color has-very-light-gray-color has-background\" href=\"https:\/\/sailconnect.de\/?page_id=162\" style=\"background-color:#060fe5\">Handb\u00fccher&nbsp;&nbsp;&nbsp;&nbsp; <br><\/a><\/div>\n\n\n\n<div class=\"wp-block-button aligncenter\"><a class=\"wp-block-button__link has-background\" href=\"https:\/\/sailconnect.de\/?page_id=151\" style=\"background-color:#060fe5\">Layouts&nbsp;&nbsp;&nbsp;&nbsp;&nbsp;&nbsp;&nbsp;&nbsp;&nbsp;&nbsp;&nbsp;&nbsp;&nbsp; <br><\/a><\/div>\n\n\n\n<div class=\"wp-block-button aligncenter\"><a class=\"wp-block-button__link has-background\" href=\"https:\/\/sailconnect.de\/?page_id=171\" style=\"background-color:#060fe5\">Inventarlisten<\/a><\/div>\n","protected":false},"excerpt":{"rendered":"<p>Follow me on &#8222;marine traffic&#8220; Das sagt die Fachwelt: Das sagt der Eigner: L\u00e4uft mit \u00dcbergewicht, aber l\u00e4uft &#8230; (wie der Herr, so&#8217;s Gescherr) Hier geht&#8217;s in die Details:<\/p>\n","protected":false},"author":1,"featured_media":13,"parent":0,"menu_order":0,"comment_status":"open","ping_status":"closed","template":"","meta":{"footnotes":""},"class_list":["post-25","page","type-page","status-publish","has-post-thumbnail","hentry"],"_links":{"self":[{"href":"https:\/\/sailconnect.de\/index.php?rest_route=\/wp\/v2\/pages\/25","targetHints":{"allow":["GET"]}}],"collection":[{"href":"https:\/\/sailconnect.de\/index.php?rest_route=\/wp\/v2\/pages"}],"about":[{"href":"https:\/\/sailconnect.de\/index.php?rest_route=\/wp\/v2\/types\/page"}],"author":[{"embeddable":true,"href":"https:\/\/sailconnect.de\/index.php?rest_route=\/wp\/v2\/users\/1"}],"replies":[{"embeddable":true,"href":"https:\/\/sailconnect.de\/index.php?rest_route=%2Fwp%2Fv2%2Fcomments&post=25"}],"version-history":[{"count":24,"href":"https:\/\/sailconnect.de\/index.php?rest_route=\/wp\/v2\/pages\/25\/revisions"}],"predecessor-version":[{"id":591,"href":"https:\/\/sailconnect.de\/index.php?rest_route=\/wp\/v2\/pages\/25\/revisions\/591"}],"wp:featuredmedia":[{"embeddable":true,"href":"https:\/\/sailconnect.de\/index.php?rest_route=\/wp\/v2\/media\/13"}],"wp:attachment":[{"href":"https:\/\/sailconnect.de\/index.php?rest_route=%2Fwp%2Fv2%2Fmedia&parent=25"}],"curies":[{"name":"wp","href":"https:\/\/api.w.org\/{rel}","templated":true}]}}