{"id":2,"date":"2016-05-10T03:48:21","date_gmt":"2016-05-10T03:48:21","guid":{"rendered":"http:\/\/sailconnect.de\/?page_id=2"},"modified":"2019-03-18T16:46:36","modified_gmt":"2019-03-18T16:46:36","slug":"sample-page","status":"publish","type":"page","link":"https:\/\/sailconnect.de\/","title":{"rendered":"Startseite"},"content":{"rendered":"<p>Diese Webseite ist eine private Seite \u00fcber die Yacht &#8222;Frizzante&#8220; und die Erlebnisse rund um&#8217;s Segeln.<br \/>Wesentliche Inhalte stehen nur einem zugelassenen Personenkreis zur Verf\u00fcgung, der zumeist aus Mitseglern besteht.<br \/><br \/>Die Segelyacht &#8222;Frizzante&#8220; ist vom Typ <strong>Winner 12.20<\/strong> des Design B\u00fcros &#8222;van de Stadt&#8220; Dieses Model verf\u00fcgt \u00fcber 3 Kabinen und 2 WC<\/p>\n<p>bei folgenden Ma\u00dfen: 12,20m x 3,75 x 2,15 x 19m (LxBxTxH)<\/p>\n<h6><em><a href=\"http:\/\/stadtdesign.com\/designs\/production_yachts_sail\/winner_1220\/\" target=\"_blank\" rel=\"noopener noreferrer\">Van de Stadt Design<\/a><\/em><\/h6>\n\n\n<ul class=\"wp-block-gallery aligncenter columns-2 is-cropped wp-block-gallery-1 is-layout-flex wp-block-gallery-is-layout-flex\"><li class=\"blocks-gallery-item\"><figure><img loading=\"lazy\" decoding=\"async\" width=\"1024\" height=\"686\" src=\"https:\/\/sailconnect.de\/wp-content\/uploads\/2019\/03\/Interior_Salon2-1024x686.gif\" alt=\"\" data-id=\"188\" data-link=\"https:\/\/sailconnect.de\/?attachment_id=188\" class=\"wp-image-188\" srcset=\"https:\/\/sailconnect.de\/wp-content\/uploads\/2019\/03\/Interior_Salon2-1024x686.gif 1024w, https:\/\/sailconnect.de\/wp-content\/uploads\/2019\/03\/Interior_Salon2-300x201.gif 300w, https:\/\/sailconnect.de\/wp-content\/uploads\/2019\/03\/Interior_Salon2-768x515.gif 768w\" sizes=\"auto, (max-width: 767px) 89vw, (max-width: 1000px) 54vw, (max-width: 1071px) 543px, 580px\" \/><\/figure><\/li><li class=\"blocks-gallery-item\"><figure><img loading=\"lazy\" decoding=\"async\" width=\"1024\" height=\"689\" src=\"https:\/\/sailconnect.de\/wp-content\/uploads\/2019\/03\/Interior_Salon1-1024x689.gif\" alt=\"\" data-id=\"187\" data-link=\"https:\/\/sailconnect.de\/?attachment_id=187\" class=\"wp-image-187\" srcset=\"https:\/\/sailconnect.de\/wp-content\/uploads\/2019\/03\/Interior_Salon1-1024x689.gif 1024w, https:\/\/sailconnect.de\/wp-content\/uploads\/2019\/03\/Interior_Salon1-300x202.gif 300w, https:\/\/sailconnect.de\/wp-content\/uploads\/2019\/03\/Interior_Salon1-768x516.gif 768w\" sizes=\"auto, (max-width: 767px) 89vw, (max-width: 1000px) 54vw, (max-width: 1071px) 543px, 580px\" \/><\/figure><\/li><li class=\"blocks-gallery-item\"><figure><img loading=\"lazy\" decoding=\"async\" width=\"1024\" height=\"577\" src=\"https:\/\/sailconnect.de\/wp-content\/uploads\/2019\/03\/DSC01874-1-1024x577.jpg\" alt=\"\" data-id=\"142\" data-link=\"https:\/\/sailconnect.de\/?attachment_id=142\" class=\"wp-image-142\" srcset=\"https:\/\/sailconnect.de\/wp-content\/uploads\/2019\/03\/DSC01874-1-1024x577.jpg 1024w, https:\/\/sailconnect.de\/wp-content\/uploads\/2019\/03\/DSC01874-1-300x169.jpg 300w, https:\/\/sailconnect.de\/wp-content\/uploads\/2019\/03\/DSC01874-1-768x433.jpg 768w\" sizes=\"auto, (max-width: 767px) 89vw, (max-width: 1000px) 54vw, (max-width: 1071px) 543px, 580px\" \/><\/figure><\/li><\/ul>\n\n\n\n<p><br><\/p>\n","protected":false},"excerpt":{"rendered":"<p>Diese Webseite ist eine private Seite \u00fcber die Yacht &#8222;Frizzante&#8220; und die Erlebnisse rund um&#8217;s Segeln.Wesentliche Inhalte stehen nur einem zugelassenen Personenkreis zur Verf\u00fcgung, der zumeist aus Mitseglern besteht. Die Segelyacht &#8222;Frizzante&#8220; ist vom Typ Winner 12.20 des Design B\u00fcros &#8222;van de Stadt&#8220; Dieses Model verf\u00fcgt \u00fcber 3 Kabinen und 2 WC bei folgenden Ma\u00dfen: &hellip; <\/p>\n<p class=\"link-more\"><a href=\"https:\/\/sailconnect.de\/\" class=\"more-link\"><span class=\"screen-reader-text\">\u201eStartseite\u201c<\/span> weiterlesen<\/a><\/p>\n","protected":false},"author":1,"featured_media":11,"parent":0,"menu_order":0,"comment_status":"closed","ping_status":"open","template":"","meta":{"footnotes":""},"class_list":["post-2","page","type-page","status-publish","has-post-thumbnail","hentry"],"_links":{"self":[{"href":"https:\/\/sailconnect.de\/index.php?rest_route=\/wp\/v2\/pages\/2","targetHints":{"allow":["GET"]}}],"collection":[{"href":"https:\/\/sailconnect.de\/index.php?rest_route=\/wp\/v2\/pages"}],"about":[{"href":"https:\/\/sailconnect.de\/index.php?rest_route=\/wp\/v2\/types\/page"}],"author":[{"embeddable":true,"href":"https:\/\/sailconnect.de\/index.php?rest_route=\/wp\/v2\/users\/1"}],"replies":[{"embeddable":true,"href":"https:\/\/sailconnect.de\/index.php?rest_route=%2Fwp%2Fv2%2Fcomments&post=2"}],"version-history":[{"count":6,"href":"https:\/\/sailconnect.de\/index.php?rest_route=\/wp\/v2\/pages\/2\/revisions"}],"predecessor-version":[{"id":235,"href":"https:\/\/sailconnect.de\/index.php?rest_route=\/wp\/v2\/pages\/2\/revisions\/235"}],"wp:featuredmedia":[{"embeddable":true,"href":"https:\/\/sailconnect.de\/index.php?rest_route=\/wp\/v2\/media\/11"}],"wp:attachment":[{"href":"https:\/\/sailconnect.de\/index.php?rest_route=%2Fwp%2Fv2%2Fmedia&parent=2"}],"curies":[{"name":"wp","href":"https:\/\/api.w.org\/{rel}","templated":true}]}}